{"id":5312,"date":"2018-01-16T11:16:15","date_gmt":"2018-01-16T10:16:15","guid":{"rendered":"https:\/\/lucpirlet.leverredun.com\/?page_id=5312"},"modified":"2018-03-16T14:15:47","modified_gmt":"2018-03-16T13:15:47","slug":"philosophie","status":"publish","type":"page","link":"https:\/\/www.lucpirlet.com\/fr\/philosophie\/","title":{"rendered":"Philosophie"},"content":{"rendered":"<div class=\"wpb-content-wrapper\"><p>[vc_row full_width=&#8221;stretch_row_content&#8221; css=&#8221;.vc_custom_1510242537660{margin-top: 0px !important;padding-top: 0px !important;}&#8221;][vc_column]\n<div id=\"rev_slider_1_1_wrapper\" class=\"rev_slider_wrapper fullwidthbanner-container\" data-source=\"gallery\" style=\"margin:0px auto;background:transparent;padding:0px;margin-top:0px;margin-bottom:0px;\">\n<!-- START REVOLUTION SLIDER 5.4.5.1 auto mode -->\n\t<div id=\"rev_slider_1_1\" class=\"rev_slider fullwidthabanner\" style=\"display:none;\" data-version=\"5.4.5.1\">\n<ul>\t<!-- SLIDE  -->\n\t<li data-index=\"rs-1\" data-transition=\"fade\" data-slotamount=\"default\" data-hideafterloop=\"0\" data-hideslideonmobile=\"off\"  data-easein=\"default\" data-easeout=\"default\" data-masterspeed=\"default\"  data-thumb=\"https:\/\/www.lucpirlet.com\/wp-content\/uploads\/sites\/6\/2017\/11\/philosophy1-100x50.jpg\"  data-rotate=\"0\"  data-saveperformance=\"off\"  data-title=\"Slide\" data-param1=\"\" data-param2=\"\" data-param3=\"\" data-param4=\"\" data-param5=\"\" data-param6=\"\" data-param7=\"\" data-param8=\"\" data-param9=\"\" data-param10=\"\" data-description=\"\">\n\t\t<!-- MAIN IMAGE -->\n\t\t<img src=\"https:\/\/www.lucpirlet.com\/wp-content\/uploads\/sites\/6\/2017\/11\/philosophy1.jpg\"  alt=\"\" title=\"philosophy1\"  width=\"1170\" height=\"417\" data-bgposition=\"center center\" data-bgfit=\"cover\" data-bgrepeat=\"no-repeat\" data-bgparallax=\"10\" class=\"rev-slidebg\" data-no-retina>\n\t\t<!-- LAYERS -->\n\t<\/li>\n\t<!-- SLIDE  -->\n\t<li data-index=\"rs-2\" data-transition=\"fade\" data-slotamount=\"default\" data-hideafterloop=\"0\" data-hideslideonmobile=\"off\"  data-easein=\"default\" data-easeout=\"default\" data-masterspeed=\"default\"  data-thumb=\"https:\/\/www.lucpirlet.com\/wp-content\/uploads\/sites\/6\/2017\/11\/philosophy2-100x50.jpg\"  data-rotate=\"0\"  data-saveperformance=\"off\"  data-title=\"Slide\" data-param1=\"\" data-param2=\"\" data-param3=\"\" data-param4=\"\" data-param5=\"\" data-param6=\"\" data-param7=\"\" data-param8=\"\" data-param9=\"\" data-param10=\"\" data-description=\"\">\n\t\t<!-- MAIN IMAGE -->\n\t\t<img src=\"https:\/\/www.lucpirlet.com\/wp-content\/uploads\/sites\/6\/2017\/11\/philosophy2.jpg\"  alt=\"\" title=\"philosophy2\"  width=\"1170\" height=\"417\" data-bgposition=\"center center\" data-bgfit=\"cover\" data-bgrepeat=\"no-repeat\" data-bgparallax=\"10\" class=\"rev-slidebg\" data-no-retina>\n\t\t<!-- LAYERS -->\n\t<\/li>\n\t<!-- SLIDE  -->\n\t<li data-index=\"rs-11\" data-transition=\"fade\" data-slotamount=\"default\" data-hideafterloop=\"0\" data-hideslideonmobile=\"off\"  data-easein=\"default\" data-easeout=\"default\" data-masterspeed=\"300\"  data-thumb=\"https:\/\/www.lucpirlet.com\/wp-content\/uploads\/sites\/6\/2017\/11\/philosophy3-100x50.jpg\"  data-rotate=\"0\"  data-saveperformance=\"off\"  data-title=\"Slide\" data-param1=\"\" data-param2=\"\" data-param3=\"\" data-param4=\"\" data-param5=\"\" data-param6=\"\" data-param7=\"\" data-param8=\"\" data-param9=\"\" data-param10=\"\" data-description=\"\">\n\t\t<!-- MAIN IMAGE -->\n\t\t<img src=\"https:\/\/www.lucpirlet.com\/wp-content\/uploads\/sites\/6\/2017\/11\/philosophy3.jpg\"  alt=\"\" title=\"philosophy3\"  width=\"1170\" height=\"417\" data-bgposition=\"center center\" data-bgfit=\"cover\" data-bgrepeat=\"no-repeat\" data-bgparallax=\"10\" class=\"rev-slidebg\" data-no-retina>\n\t\t<!-- LAYERS -->\n\t<\/li>\n<\/ul>\n<script>var htmlDiv = document.getElementById(\"rs-plugin-settings-inline-css\"); var htmlDivCss=\"\";\r\n\t\t\t\t\t\tif(htmlDiv) {\r\n\t\t\t\t\t\t\thtmlDiv.innerHTML = htmlDiv.innerHTML + htmlDivCss;\r\n\t\t\t\t\t\t}else{\r\n\t\t\t\t\t\t\tvar htmlDiv = document.createElement(\"div\");\r\n\t\t\t\t\t\t\thtmlDiv.innerHTML = \"<style>\" + htmlDivCss + \"<\/style>\";\r\n\t\t\t\t\t\t\tdocument.getElementsByTagName(\"head\")[0].appendChild(htmlDiv.childNodes[0]);\r\n\t\t\t\t\t\t}\r\n\t\t\t\t\t<\/script>\n<div class=\"tp-bannertimer tp-bottom\" style=\"visibility: hidden !important;\"><\/div>\t<\/div>\n<script>var htmlDiv = document.getElementById(\"rs-plugin-settings-inline-css\"); var htmlDivCss=\"\";\r\n\t\t\t\tif(htmlDiv) {\r\n\t\t\t\t\thtmlDiv.innerHTML = htmlDiv.innerHTML + htmlDivCss;\r\n\t\t\t\t}else{\r\n\t\t\t\t\tvar htmlDiv = document.createElement(\"div\");\r\n\t\t\t\t\thtmlDiv.innerHTML = \"<style>\" + htmlDivCss + \"<\/style>\";\r\n\t\t\t\t\tdocument.getElementsByTagName(\"head\")[0].appendChild(htmlDiv.childNodes[0]);\r\n\t\t\t\t}\r\n\t\t\t<\/script>\n\t\t<script type=\"text\/javascript\">\r\nsetREVStartSize({c: jQuery('#rev_slider_1_1'), gridwidth: [1240], gridheight: [440], sliderLayout: 'auto'});\r\n\t\t\t\r\nvar revapi1,\r\n\ttpj=jQuery;\r\n\t\t\t\r\ntpj(document).ready(function() {\n\tif(tpj(\"#rev_slider_1_1\").revolution == undefined){\n\t\trevslider_showDoubleJqueryError(\"#rev_slider_1_1\");\n\t}else{\n\t\trevapi1 = tpj(\"#rev_slider_1_1\").show().revolution({\n\t\t\tsliderType:\"standard\",\n\t\t\tjsFileLocation:\"\/\/www.lucpirlet.com\/wp-content\/plugins\/revslider\/public\/assets\/js\/\",\n\t\t\tsliderLayout:\"auto\",\n\t\t\tdottedOverlay:\"none\",\n\t\t\tdelay:3000,\n\t\t\tnavigation: {\n\t\t\t\tkeyboardNavigation:\"off\",\n\t\t\t\tkeyboard_direction: \"horizontal\",\n\t\t\t\tmouseScrollNavigation:\"off\",\n \t\t\t\t\t\t\tmouseScrollReverse:\"default\",\n\t\t\t\tonHoverStop:\"off\",\n\t\t\t\tbullets: {\n\t\t\t\t\tenable:true,\n\t\t\t\t\thide_onmobile:false,\n\t\t\t\t\tstyle:\"ares\",\n\t\t\t\t\thide_onleave:false,\n\t\t\t\t\tdirection:\"horizontal\",\n\t\t\t\t\th_align:\"center\",\n\t\t\t\t\tv_align:\"bottom\",\n\t\t\t\t\th_offset:0,\n\t\t\t\t\tv_offset:20,\n\t\t\t\t\tspace:10,\n\t\t\t\t\ttmp:'<span class=\"tp-bullet-title\">{{title}}<\/span>'\n\t\t\t\t}\n\t\t\t},\n\t\t\tvisibilityLevels:[1240,1024,778,480],\n\t\t\tgridwidth:1240,\n\t\t\tgridheight:440,\n\t\t\tlazyType:\"none\",\n\t\t\tparallax: {\n\t\t\t\ttype:\"mouse\",\n\t\t\t\torigo:\"enterpoint\",\n\t\t\t\tspeed:400,\n\t\t\t\tspeedbg:0,\n\t\t\t\tspeedls:0,\n\t\t\t\tlevels:[5,10,15,20,25,30,35,40,45,50,47,48,49,50,51,55],\n\t\t\t},\n\t\t\tshadow:0,\n\t\t\tspinner:\"spinner0\",\n\t\t\tstopLoop:\"off\",\n\t\t\tstopAfterLoops:-1,\n\t\t\tstopAtSlide:-1,\n\t\t\tshuffle:\"off\",\n\t\t\tautoHeight:\"off\",\n\t\t\tdisableProgressBar:\"on\",\n\t\t\thideThumbsOnMobile:\"off\",\n\t\t\thideSliderAtLimit:0,\n\t\t\thideCaptionAtLimit:0,\n\t\t\thideAllCaptionAtLilmit:0,\n\t\t\tdebugMode:false,\n\t\t\tfallbacks: {\n\t\t\t\tsimplifyAll:\"off\",\n\t\t\t\tnextSlideOnWindowFocus:\"off\",\n\t\t\t\tdisableFocusListener:false,\n\t\t\t}\n\t\t});\n\t}\n\t\n});\t\/*ready*\/\n<\/script>\r\n\t\t<script>\r\n\t\t\t\t\tvar htmlDivCss = unescape(\".ares.tp-bullets%20%7B%0A%7D%0A.ares.tp-bullets%3Abefore%20%7B%0A%09content%3A%22%20%22%3B%0A%09position%3Aabsolute%3B%0A%09width%3A100%25%3B%0A%09height%3A100%25%3B%0A%09background%3Atransparent%3B%0A%09padding%3A10px%3B%0A%09margin-left%3A-10px%3Bmargin-top%3A-10px%3B%0A%09box-sizing%3Acontent-box%3B%0A%7D%0A.ares%20.tp-bullet%20%7B%0A%09width%3A13px%3B%0A%09height%3A13px%3B%0A%09position%3Aabsolute%3B%0A%09background%3Argba%28229%2C%20229%2C%20229%2C%201%29%3B%0A%09border-radius%3A50%25%3B%0A%09cursor%3A%20pointer%3B%0A%09box-sizing%3Acontent-box%3B%0A%7D%0A.ares%20.tp-bullet%3Ahover%2C%0A.ares%20.tp-bullet.selected%20%7B%0A%09background%3Argba%28255%2C%20255%2C%20255%2C%201%29%3B%0A%7D%0A.ares%20.tp-bullet-title%20%7B%0A%20%20position%3Aabsolute%3B%0A%20%20color%3A136%2C%20136%2C%20136%3B%0A%20%20font-size%3A12px%3B%0A%20%20padding%3A0px%2010px%3B%0A%20%20font-weight%3A600%3B%0A%20%20right%3A27px%3B%0A%20%20top%3A-4px%3B%20%20%0A%20%20background%3Argba%28255%2C255%2C255%2C0.75%29%3B%0A%20%20visibility%3Ahidden%3B%0A%20%20transform%3Atranslatex%28-20px%29%3B%0A%20%20-webkit-transform%3Atranslatex%28-20px%29%3B%0A%20%20transition%3Atransform%200.3s%3B%0A%20%20-webkit-transition%3Atransform%200.3s%3B%0A%20%20line-height%3A20px%3B%0A%20%20white-space%3Anowrap%3B%0A%7D%20%20%20%20%20%0A%0A.ares%20.tp-bullet-title%3Aafter%20%7B%0A%20%20%20%20width%3A%200px%3B%0A%09height%3A%200px%3B%0A%09border-style%3A%20solid%3B%0A%09border-width%3A%2010px%200%2010px%2010px%3B%0A%09border-color%3A%20transparent%20transparent%20transparent%20rgba%28255%2C255%2C255%2C0.75%29%3B%0A%09content%3A%22%20%22%3B%0A%20%20%20%20position%3Aabsolute%3B%0A%20%20%20%20right%3A-10px%3B%0A%09top%3A0px%3B%0A%7D%0A%20%20%20%20%0A.ares%20.tp-bullet%3Ahover%20.tp-bullet-title%7B%0A%20%20visibility%3Avisible%3B%0A%20%20%20transform%3Atranslatex%280px%29%3B%0A%20%20-webkit-transform%3Atranslatex%280px%29%3B%0A%7D%0A%0A.ares%20.tp-bullet.selected%3Ahover%20.tp-bullet-title%20%7B%0A%20%20%20%20background%3Argba%28255%2C%20255%2C%20255%2C%201%29%3B%7D%0A.ares%20.tp-bullet.selected%3Ahover%20.tp-bullet-title%3Aafter%20%7B%0A%20%20border-color%3Atransparent%20transparent%20transparent%20rgba%28255%2C%20255%2C%20255%2C%201%29%3B%0A%7D%0A.ares.tp-bullets%3Ahover%20.tp-bullet-title%20%7B%0A%20%20visibility%3Ahidden%3B%0A%20%20%0A%7D%0A.ares.tp-bullets%3Ahover%20.tp-bullet%3Ahover%20.tp-bullet-title%20%7B%0A%20%20%20%20visibility%3Avisible%3B%0A%20%20%20%20transform%3AtranslateX%280px%29%20translatey%280px%29%3B%0A%20%20-webkit-transform%3AtranslateX%280px%29%20translatey%280px%29%3B%0A%7D%0A%0A%0A%2F%2A%20VERTICAL%20%2A%2F%0A.ares.nav-dir-vertical.nav-pos-hor-left%20.tp-bullet-title%20%7B%20right%3Aauto%3B%20left%3A27px%3B%20%20transform%3Atranslatex%2820px%29%3B%20-webkit-transform%3Atranslatex%2820px%29%3B%7D%20%20%0A.ares.nav-dir-vertical.nav-pos-hor-left%20.tp-bullet-title%3Aafter%20%7B%20%0A%20%20border-width%3A%2010px%2010px%2010px%200%20%21important%3B%0A%20%20border-color%3A%20transparent%20rgba%28255%2C255%2C255%2C0.75%29%20transparent%20transparent%3B%0A%20%20right%3Aauto%20%21important%3B%0A%20%20left%3A-10px%20%21important%3B%20%20%20%0A%7D%0A.ares.nav-dir-vertical.nav-pos-hor-left%20.tp-bullet.selected%3Ahover%20.tp-bullet-title%3Aafter%20%7B%0A%20%20border-color%3A%20%20transparent%20rgba%28255%2C%20255%2C%20255%2C%201%29%20transparent%20transparent%20%21important%3B%0A%7D%0A%0A%0A%0A%2F%2A%20HORIZONTAL%20BOTTOM%20%26%26%20CENTER%20%2A%2F%0A.ares.nav-dir-horizontal.nav-pos-ver-center%20.tp-bullet-title%2C%0A.ares.nav-dir-horizontal.nav-pos-ver-bottom%20.tp-bullet-title%20%7B%20top%3A-35px%3B%20left%3A50%25%3B%20right%3Aauto%3B%20transform%3A%20translateX%28-50%25%29%20translateY%28-10px%29%3B-webkit-transform%3A%20translateX%28-50%25%29%20translateY%28-10px%29%3B%20%7D%20%20%0A%0A.ares.nav-dir-horizontal.nav-pos-ver-center%20.tp-bullet-title%3Aafter%2C%0A.ares.nav-dir-horizontal.nav-pos-ver-bottom%20.tp-bullet-title%3Aafter%20%7B%20%0A%20%20border-width%3A%2010px%2010px%200px%2010px%3B%0A%20%20border-color%3A%20rgba%28255%2C255%2C255%2C0.75%29%20transparent%20transparent%20transparent%3B%0A%20%20right%3Aauto%3B%0A%20%20left%3A50%25%3B%0A%20%20margin-left%3A-10px%3B%0A%20%20top%3Aauto%3B%0A%20%20bottom%3A-10px%3B%0A%20%20%20%20%0A%7D%0A.ares.nav-dir-horizontal.nav-pos-ver-center%20.tp-bullet.selected%3Ahover%20.tp-bullet-title%3Aafter%2C%0A.ares.nav-dir-horizontal.nav-pos-ver-bottom%20.tp-bullet.selected%3Ahover%20.tp-bullet-title%3Aafter%20%7B%0A%20%20border-color%3A%20%20rgba%28255%2C%20255%2C%20255%2C%201%29%20transparent%20transparent%20transparent%3B%0A%7D%0A%0A.ares.nav-dir-horizontal.nav-pos-ver-center%20.tp-bullet%3Ahover%20.tp-bullet-title%2C%0A.ares.nav-dir-horizontal.nav-pos-ver-bottom%20.tp-bullet%3Ahover%20.tp-bullet-title%7B%0A%20%20%20transform%3AtranslateX%28-50%25%29%20translatey%280px%29%3B%0A%20%20-webkit-transform%3AtranslateX%28-50%25%29%20translatey%280px%29%3B%0A%7D%0A%0A%0A%2F%2A%20HORIZONTAL%20TOP%20%2A%2F%0A.ares.nav-dir-horizontal.nav-pos-ver-top%20.tp-bullet-title%20%7B%20top%3A25px%3B%20left%3A50%25%3B%20right%3Aauto%3B%20transform%3A%20translateX%28-50%25%29%20translateY%2810px%29%3B-webkit-transform%3A%20translateX%28-50%25%29%20translateY%2810px%29%3B%20%7D%20%20%0A.ares.nav-dir-horizontal.nav-pos-ver-top%20.tp-bullet-title%3Aafter%20%7B%20%0A%20%20border-width%3A%200%2010px%2010px%2010px%3B%0A%20%20border-color%3A%20%20transparent%20transparent%20rgba%28255%2C255%2C255%2C0.75%29%20transparent%3B%0A%20%20right%3Aauto%3B%0A%20%20left%3A50%25%3B%0A%20%20margin-left%3A-10px%3B%0A%20%20bottom%3Aauto%3B%0A%20%20top%3A-10px%3B%0A%20%20%20%20%0A%7D%0A.ares.nav-dir-horizontal.nav-pos-ver-top%20.tp-bullet.selected%3Ahover%20.tp-bullet-title%3Aafter%20%7B%0A%20%20border-color%3A%20%20transparent%20transparent%20%20rgba%28255%2C%20255%2C%20255%2C%201%29%20transparent%3B%0A%7D%0A%0A.ares.nav-dir-horizontal.nav-pos-ver-top%20.tp-bullet%3Ahover%20.tp-bullet-title%7B%0A%20%20%20transform%3AtranslateX%28-50%25%29%20translatey%280px%29%3B%0A%20%20-webkit-transform%3AtranslateX%28-50%25%29%20translatey%280px%29%3B%0A%7D%0A%0A%0A\");\r\n\t\t\t\t\tvar htmlDiv = document.getElementById('rs-plugin-settings-inline-css');\r\n\t\t\t\t\tif(htmlDiv) {\r\n\t\t\t\t\t\thtmlDiv.innerHTML = htmlDiv.innerHTML + htmlDivCss;\r\n\t\t\t\t\t}\r\n\t\t\t\t\telse{\r\n\t\t\t\t\t\tvar htmlDiv = document.createElement('div');\r\n\t\t\t\t\t\thtmlDiv.innerHTML = '<style>' + htmlDivCss + '<\/style>';\r\n\t\t\t\t\t\tdocument.getElementsByTagName('head')[0].appendChild(htmlDiv.childNodes[0]);\r\n\t\t\t\t\t}\r\n\t\t\t\t  <\/script>\r\n\t\t\t\t<\/div><!-- END REVOLUTION SLIDER -->[\/vc_column][\/vc_row][vc_row full_width=&#8221;stretch_row_content&#8221;][vc_column][vc_column_text css=&#8221;.vc_custom_1521127191882{margin-bottom: 48px !important;}&#8221;]<\/p>\n<h2 style=\"text-align: center;\">PHILOSOPHIE<\/h2>\n<p>[\/vc_column_text][\/vc_column][\/vc_row][vc_row][vc_column][vc_row_inner css=&#8221;.vc_custom_1507113178456{margin-bottom: 32px !important;}&#8221;][vc_column_inner width=&#8221;1\/2&#8243;][vc_column_text el_class=&#8221;justif&#8221;]<\/p>\n<p class=\"p1\"><span class=\"s1\">Imaginez l\u2019\u00e9blouissant Languedoc et ses criques s\u00e9duisantes de la c\u00f4te m\u00e9diterran\u00e9enne, entre terre et mer, avec, en arri\u00e8re-plan, les majestueux sommets enneig\u00e9s des Pyr\u00e9n\u00e9es; imaginez encore les anciens ch\u00e2teaux cathares accroch\u00e9s aux cr\u00eates rocheuses ainsi que la cit\u00e9 m\u00e9di\u00e9vale enchant\u00e9e de Carcassonne entour\u00e9e d\u2019abbayes romanes.<\/span><\/p>\n<p class=\"p2\"><span class=\"s1\">Il s\u2019agit d\u2019une r\u00e9gion dot\u00e9e d\u2019un patrimoine culturel et historique d\u2019une richesse fascinante&#8230; Si, par chance, vous \u00eates amateur de vins, la r\u00e9gion vous charmera particuli\u00e8rement. Les vignobles suivent une r\u00e9novation compl\u00e8te actuellement : vous y trouverez les c\u00e9pages c\u00e9l\u00e8bres tels que les Chardonnay\u00a0et\u00a0Cabernet Sauvignon c\u00f4toyer les h\u00e9ros locaux comme la Syrah et le Mourv\u00e8dre sur les m\u00eames coteaux caillouteux. <\/span><\/p>\n<p>[\/vc_column_text][\/vc_column_inner][vc_column_inner width=&#8221;1\/2&#8243;][vc_column_text el_class=&#8221;justif&#8221;]<\/p>\n<p class=\"p1\"><span class=\"s1\">Ce sont ces raisins qui promettent un bel avenir pour la r\u00e9gion\u00a0; ce sont ces vins qui attendent \u00e0 \u00eatre d\u00e9couverts pour devenir les vins pr\u00e9f\u00e9r\u00e9s du vingt-et-uni\u00e8me si\u00e8cle.<\/span><\/p>\n<p class=\"p2\"><span class=\"s1\">Ce sont juste quelques-unes des raisons qui nous ont amen\u00e9s \u00e0 choisir le Languedoc : la r\u00e9gion propose tout ce qu\u2019un vigneron engag\u00e9 et exigeant pourrait esp\u00e9rer. De plus, notre \u00e9quipement de vinification moderne associe l\u2019utilisation de f\u00fbts de ch\u00eane traditionnels \u00e0 des cuves en inox, surveill\u00e9s de pr\u00e8s par des \u0153nologues et cavistes talentueux. Nous sommes convaincus d\u2019avoir r\u00e9uni tous les ingr\u00e9dients n\u00e9cessaires pour r\u00e9aliser notre ambition\u00a0: produire des vins dont on se souviendra et qui seront appr\u00e9ci\u00e9s tous les jours. <\/span><\/p>\n<p>[\/vc_column_text][\/vc_column_inner][\/vc_row_inner][vc_single_image image=&#8221;1378&#8243; img_size=&#8221;full&#8221; alignment=&#8221;center&#8221; css=&#8221;.vc_custom_1507047778019{margin-top: 32px !important;margin-bottom: 32px !important;}&#8221;][\/vc_column][\/vc_row]<\/p>\n<\/div>","protected":false},"excerpt":{"rendered":"<p>[vc_row full_width=&#8221;stretch_row_content&#8221; css=&#8221;.vc_custom_1510242537660{margin-top: 0px !important;padding-top: 0px !important;}&#8221;][vc_column][\/vc_column][\/vc_row][vc_row full_width=&#8221;stretch_row_content&#8221;][vc_column][vc_column_text css=&#8221;.vc_custom_1521127191882{margin-bottom: 48px !important;}&#8221;] PHILOSOPHIE [\/vc_column_text][\/vc_column][\/vc_row][vc_row][vc_column][vc_row_inner css=&#8221;.vc_custom_1507113178456{margin-bottom: 32px !important;}&#8221;][vc_column_inner width=&#8221;1\/2&#8243;][vc_column_text el_class=&#8221;justif&#8221;] Imaginez l\u2019\u00e9blouissant Languedoc et ses criques s\u00e9duisantes de la c\u00f4te m\u00e9diterran\u00e9enne, entre terre et mer, avec, en arri\u00e8re-plan, les majestueux sommets enneig\u00e9s des Pyr\u00e9n\u00e9es; imaginez encore les anciens ch\u00e2teaux cathares accroch\u00e9s aux cr\u00eates rocheuses ainsi que la [&hellip;]<\/p>\n","protected":false},"author":1,"featured_media":0,"parent":0,"menu_order":0,"comment_status":"closed","ping_status":"closed","template":"","meta":[],"_links":{"self":[{"href":"https:\/\/www.lucpirlet.com\/fr\/wp-json\/wp\/v2\/pages\/5312"}],"collection":[{"href":"https:\/\/www.lucpirlet.com\/fr\/wp-json\/wp\/v2\/pages"}],"about":[{"href":"https:\/\/www.lucpirlet.com\/fr\/wp-json\/wp\/v2\/types\/page"}],"author":[{"embeddable":true,"href":"https:\/\/www.lucpirlet.com\/fr\/wp-json\/wp\/v2\/users\/1"}],"replies":[{"embeddable":true,"href":"https:\/\/www.lucpirlet.com\/fr\/wp-json\/wp\/v2\/comments?post=5312"}],"version-history":[{"count":5,"href":"https:\/\/www.lucpirlet.com\/fr\/wp-json\/wp\/v2\/pages\/5312\/revisions"}],"predecessor-version":[{"id":6111,"href":"https:\/\/www.lucpirlet.com\/fr\/wp-json\/wp\/v2\/pages\/5312\/revisions\/6111"}],"wp:attachment":[{"href":"https:\/\/www.lucpirlet.com\/fr\/wp-json\/wp\/v2\/media?parent=5312"}],"curies":[{"name":"wp","href":"https:\/\/api.w.org\/{rel}","templated":true}]}}